{"id":5181,"date":"2020-07-20T23:44:25","date_gmt":"2020-07-20T21:44:25","guid":{"rendered":"https:\/\/industrymeetings.iese.edu\/cookies-on-the-iese-website\/"},"modified":"2020-07-24T17:04:11","modified_gmt":"2020-07-24T15:04:11","slug":"cookies","status":"publish","type":"page","link":"https:\/\/industrymeetings.iese.edu\/es\/cookies\/","title":{"rendered":"Cookies"},"content":{"rendered":"<div id='av_section_1'  class='avia-section main_color avia-section-default avia-no-border-styling avia-bg-style-scroll  avia-builder-el-0  avia-builder-el-no-sibling   container_wrap sidebar_right' style='background-color: #ffffff;  '  ><div class='container' ><main  role=\"main\" itemprop=\"mainContentOfPage\"  class='template-page content  av-content-small alpha units'><div class='post-entry post-entry-type-page post-entry-5181'><div class='entry-content-wrapper clearfix'>\n<section class=\"av_textblock_section \"  itemscope=\"itemscope\" itemtype=\"https:\/\/schema.org\/CreativeWork\" ><div class='avia_textblock  '   itemprop=\"text\" ><h2>Cookies<\/h2>\n<p>Utilizamos cookies para facilitar el uso de nuestra p\u00e1gina web. Las cookies son peque\u00f1os ficheros de informaci\u00f3n que nos permiten conocer mejor c\u00f3mo nuestros usuarios navegan a trav\u00e9s de nuestro sitio web y, de esta manera, poder ayudarles durante el proceso de navegaci\u00f3n mostr\u00e1ndoles la informaci\u00f3n de su inter\u00e9s. Las cookies que utilizamos no almacenan dato personal alguno, conforme dispone el Reglamento Europeo de protecci\u00f3n de Datos, ni ning\u00fan tipo de informaci\u00f3n que pueda identificarle. En caso de no querer recibir cookies, por favor configura tu navegador de Internet para que las borre del disco duro de tu ordenador, las bloquee o te avise en caso de instalaci\u00f3n de las mismas. Para continuar sin cambios en la configuraci\u00f3n de las cookies, simplemente contin\u00faa en la p\u00e1gina web.<\/p>\n<p><strong>Los tipos de cookies que utilizamos<\/strong><\/p>\n<p><strong>Preferencias<\/strong><\/p>\n<p>Estas cookies nos permiten saber si has visitado antes nuestro sitio o, por ejemplo, tu ciudad predefinida.<br \/>\nLa p\u00e9rdida de la informaci\u00f3n almacenada en una cookie de preferencias puede hacer que la experiencia del sitio web sea menos funcional, pero no debe afectar a su funcionamiento.<\/p>\n<p><strong>Procesos<\/strong><\/p>\n<p>Las cookies de procesos permiten el funcionamiento del sitio web y ofrecen servicios esperados por el usuario que accede al sitio web como, por ejemplo, la navegaci\u00f3n por p\u00e1ginas web o el acceso a \u00e1reas seguras del sitio web. Sin estas cookies, el sitio web no puede funcionar de forma adecuada.<\/p>\n<p><strong>Estado de la sesi\u00f3n<\/strong><\/p>\n<p>Estas cookies guardan la informaci\u00f3n necesaria durante la sesi\u00f3n y los cambios relacionados con ella, y tambi\u00e9n determinan si est\u00e1s registrado o no en la web.<\/p>\n<p><strong>Anal\u00edtica<\/strong><\/p>\n<p>Google Analytics es una herramienta de an\u00e1lisis web de Google que principalmente permite a los propietarios de sitios web conocer c\u00f3mo interact\u00faan los usuarios con su sitio web. Asimismo, habilita cookies en el dominio del sitio en el que te encuentras y utiliza un conjunto de cookies para recopilar informaci\u00f3n de forma an\u00f3nima y elaborar informes de tendencias de sitios web sin identificar a usuarios individuales.<\/p>\n<p><strong>Si no quieres permitir el uso de cookies de nuestro sitio web, por favor sigue las siguientes instrucciones:<\/strong><\/p>\n<p><em>Estos procedimientos est\u00e1n sometidos a actualizaci\u00f3n o modificaci\u00f3n por parte de los desarrolladores de los navegadores, por lo que no podemos garantizar que se ajusten completamente a la \u00faltima versi\u00f3n disponible en cada momento.<\/em><\/p>\n<p>Internet Explorer<br \/>\nEn el men\u00fa \u00abHerramientas &gt; Opciones de Internet\u00bb, dir\u00edgete a la pesta\u00f1a \u00abPrivacidad\u00bb, selecciona la configuraci\u00f3n deseada y pulsa el bot\u00f3n de configuraci\u00f3n avanzada. Activa la casilla \u00abSobrescribir la administraci\u00f3n autom\u00e1tica de cookies\u00bb. Marca las casillas \u00abActivar\u00bb o \u00abBloquear\u00bb. Recomendamos activar la opci\u00f3n \u00abAceptar siempre las cookies de sesi\u00f3n\u00bb para permitir una navegaci\u00f3n \u00f3ptima por nuestro sitio web.<\/p>\n<p>Firefox<br \/>\nEn el men\u00fa \u00abHerramientas &gt; Opciones\u00bb, dir\u00edgete a la pesta\u00f1a \u00abPrivacidad\u00bb. Activa o desactiva la casilla \u00abAceptar cookies de las webs\u00bb o \u201cdecir a los sitios web que no quiero ser rastreado\u201d, dependiendo de la versi\u00f3n de tu navegador. Tambi\u00e9n puedes eliminar las cookies instaladas pulsando la opci\u00f3n \u201celiminar cookies de forma individual\u201d.<\/p>\n<p>Chrome<br \/>\nEn el men\u00fa \u00abHerramientas &gt; Configuraci\u00f3n\u00bb, dir\u00edgete a la pesta\u00f1a \u00abPrivacidad &gt; Configuraci\u00f3n de contenido\u00bb. Tras seleccionar la opci\u00f3n \u201cmostrar opciones avanzadas\u201d, selecciona tu configuraci\u00f3n de cookies favorita. Si no deseas permitir su instalaci\u00f3n, puedes seleccionar la opci\u00f3n \u201cbloquear los datos de sitios y las cookies de terceros\u201d.<\/p>\n<p>Safari<br \/>\nEn el men\u00fa \u00abHerramientas &gt; Preferencias\u00bb, dir\u00edgete a la pesta\u00f1a \u00abSeguridad\u00bb. En el men\u00fa \u00abAceptar cookies\u00bb selecciona la casilla \u00abSiempre\u00bb o \u00abNunca\u00bb. Si tienes un iPhone, deber\u00e1s acceder a \u201cConfiguraci\u00f3n &gt; Safari\u201d y all\u00ed seleccionar si aceptas o no las cookies.<\/p>\n<p>Si utilizas otro navegador, puedes obtener m\u00e1s informaci\u00f3n sobre c\u00f3mo configurar la instalaci\u00f3n de las cookies a trav\u00e9s de la secci\u00f3n de ayuda o asistencia de dicho navegador. Si necesitas ayuda para llevar a cabo la configuraci\u00f3n de las cookies con tu navegador, por favor, env\u00edanos un e-mail a\u00a0iesenet@iese.edu\u00a0y nos pondremos en contacto contigo lo antes posible con la informaci\u00f3n necesaria.<\/p>\n<p><strong>DERECHO DE EXCLUSI\u00d3N<\/strong><\/p>\n<p>El IESE se reserva el derecho a denegar o retirar el acceso a su sitio Web y\/o los servicios ofrecidos sin necesidad de preaviso, a instancia propia o de un tercero, a aquellos usuarios que incumplan las presentes Condiciones Generales de Uso.<\/p>\n<p><strong>MODIFICACI\u00d3N DE LAS PRESENTES CONDICIONES Y DURACI\u00d3N<\/strong><\/p>\n<p>El IESE podr\u00e1 modificar en cualquier momento las condiciones aqu\u00ed determinadas, siendo debidamente publicadas como aqu\u00ed aparecen. La vigencia de las citadas condiciones ir\u00e1 en funci\u00f3n de su exposici\u00f3n y estar\u00e1n vigentes hasta que sean modificadas por otras debidamente publicadas.<\/p>\n<p><strong>LEGISLACI\u00d3N APLICABLE Y JURISDICCI\u00d3N<\/strong><\/p>\n<p>La relaci\u00f3n entre el IESE y el USUARIO se regir\u00e1 por la normativa espa\u00f1ola vigente y para la soluci\u00f3n de cualquier controversia ambas partes se someten a la Junta Arbitral de Consumo de Catalu\u00f1a, a quien se le encomienda la designaci\u00f3n del \u00e1rbitro o \u00e1rbitros y la administraci\u00f3n del arbitraje. Para el caso de que el arbitraje no llegara a realizarse por mutuo acuerdo o fuese declarado nulo, o para la ejecuci\u00f3n del laudo arbitral, ambas partes se someten, con renuncia expresa de su propio fuero si otro les correspondiese, a los Juzgados y Tribunales de la ciudad de Barcelona.<\/p>\n<\/div><\/section>\n<\/div><\/div><\/main><!-- close content main element --><\/div><\/div><div id='after_section_1'  class='main_color av_default_container_wrap container_wrap sidebar_right' style=' '  ><div class='container' ><div class='template-page content  av-content-small alpha units'><div class='post-entry post-entry-type-page post-entry-5181'><div class='entry-content-wrapper clearfix'>\n","protected":false},"excerpt":{"rendered":"","protected":false},"author":1,"featured_media":0,"parent":0,"menu_order":0,"comment_status":"closed","ping_status":"closed","template":"","meta":[],"acf":[],"yoast_head":"<!-- This site is optimized with the Yoast SEO plugin v19.9 - https:\/\/yoast.com\/wordpress\/plugins\/seo\/ -->\n<title>Cookies | Industry Meetings<\/title>\n<meta name=\"robots\" content=\"index, follow\" \/>\n<link rel=\"canonical\" href=\"https:\/\/industrymeetings.iese.edu\/es\/cookies\/\" \/>\n<meta property=\"og:locale\" content=\"es_ES\" \/>\n<meta property=\"og:type\" content=\"article\" \/>\n<meta property=\"og:title\" content=\"Cookies | Industry Meetings\" \/>\n<meta property=\"og:url\" content=\"https:\/\/industrymeetings.iese.edu\/es\/cookies\/\" \/>\n<meta property=\"og:site_name\" content=\"Industry Meetings\" \/>\n<meta property=\"article:modified_time\" content=\"2020-07-24T15:04:11+00:00\" \/>\n<meta name=\"twitter:card\" content=\"summary_large_image\" \/>\n<meta name=\"twitter:label1\" content=\"Tiempo de lectura\" \/>\n\t<meta name=\"twitter:data1\" content=\"5 minutos\" \/>\n<script type=\"application\/ld+json\" class=\"yoast-schema-graph\">{\"@context\":\"https:\/\/schema.org\",\"@graph\":[{\"@type\":\"WebPage\",\"@id\":\"https:\/\/industrymeetings.iese.edu\/es\/cookies\/\",\"url\":\"https:\/\/industrymeetings.iese.edu\/es\/cookies\/\",\"name\":\"Cookies | Industry Meetings\",\"isPartOf\":{\"@id\":\"https:\/\/industrymeetings.iese.edu\/es\/#website\"},\"datePublished\":\"2020-07-20T21:44:25+00:00\",\"dateModified\":\"2020-07-24T15:04:11+00:00\",\"breadcrumb\":{\"@id\":\"https:\/\/industrymeetings.iese.edu\/es\/cookies\/#breadcrumb\"},\"inLanguage\":\"es\",\"potentialAction\":[{\"@type\":\"ReadAction\",\"target\":[\"https:\/\/industrymeetings.iese.edu\/es\/cookies\/\"]}]},{\"@type\":\"BreadcrumbList\",\"@id\":\"https:\/\/industrymeetings.iese.edu\/es\/cookies\/#breadcrumb\",\"itemListElement\":[{\"@type\":\"ListItem\",\"position\":1,\"name\":\"Home\",\"item\":\"https:\/\/industrymeetings.iese.edu\/es\/home\/\"},{\"@type\":\"ListItem\",\"position\":2,\"name\":\"Cookies\"}]},{\"@type\":\"WebSite\",\"@id\":\"https:\/\/industrymeetings.iese.edu\/es\/#website\",\"url\":\"https:\/\/industrymeetings.iese.edu\/es\/\",\"name\":\"Industry Meetings\",\"description\":\"Otro sitio realizado con WordPress\",\"potentialAction\":[{\"@type\":\"SearchAction\",\"target\":{\"@type\":\"EntryPoint\",\"urlTemplate\":\"https:\/\/industrymeetings.iese.edu\/es\/?s={search_term_string}\"},\"query-input\":\"required name=search_term_string\"}],\"inLanguage\":\"es\"}]}<\/script>\n<!-- \/ Yoast SEO plugin. -->","yoast_head_json":{"title":"Cookies | Industry Meetings","robots":{"index":"index","follow":"follow"},"canonical":"https:\/\/industrymeetings.iese.edu\/es\/cookies\/","og_locale":"es_ES","og_type":"article","og_title":"Cookies | Industry Meetings","og_url":"https:\/\/industrymeetings.iese.edu\/es\/cookies\/","og_site_name":"Industry Meetings","article_modified_time":"2020-07-24T15:04:11+00:00","twitter_card":"summary_large_image","twitter_misc":{"Tiempo de lectura":"5 minutos"},"schema":{"@context":"https:\/\/schema.org","@graph":[{"@type":"WebPage","@id":"https:\/\/industrymeetings.iese.edu\/es\/cookies\/","url":"https:\/\/industrymeetings.iese.edu\/es\/cookies\/","name":"Cookies | Industry Meetings","isPartOf":{"@id":"https:\/\/industrymeetings.iese.edu\/es\/#website"},"datePublished":"2020-07-20T21:44:25+00:00","dateModified":"2020-07-24T15:04:11+00:00","breadcrumb":{"@id":"https:\/\/industrymeetings.iese.edu\/es\/cookies\/#breadcrumb"},"inLanguage":"es","potentialAction":[{"@type":"ReadAction","target":["https:\/\/industrymeetings.iese.edu\/es\/cookies\/"]}]},{"@type":"BreadcrumbList","@id":"https:\/\/industrymeetings.iese.edu\/es\/cookies\/#breadcrumb","itemListElement":[{"@type":"ListItem","position":1,"name":"Home","item":"https:\/\/industrymeetings.iese.edu\/es\/home\/"},{"@type":"ListItem","position":2,"name":"Cookies"}]},{"@type":"WebSite","@id":"https:\/\/industrymeetings.iese.edu\/es\/#website","url":"https:\/\/industrymeetings.iese.edu\/es\/","name":"Industry Meetings","description":"Otro sitio realizado con WordPress","potentialAction":[{"@type":"SearchAction","target":{"@type":"EntryPoint","urlTemplate":"https:\/\/industrymeetings.iese.edu\/es\/?s={search_term_string}"},"query-input":"required name=search_term_string"}],"inLanguage":"es"}]}},"_links":{"self":[{"href":"https:\/\/industrymeetings.iese.edu\/es\/wp-json\/wp\/v2\/pages\/5181"}],"collection":[{"href":"https:\/\/industrymeetings.iese.edu\/es\/wp-json\/wp\/v2\/pages"}],"about":[{"href":"https:\/\/industrymeetings.iese.edu\/es\/wp-json\/wp\/v2\/types\/page"}],"author":[{"embeddable":true,"href":"https:\/\/industrymeetings.iese.edu\/es\/wp-json\/wp\/v2\/users\/1"}],"replies":[{"embeddable":true,"href":"https:\/\/industrymeetings.iese.edu\/es\/wp-json\/wp\/v2\/comments?post=5181"}],"version-history":[{"count":2,"href":"https:\/\/industrymeetings.iese.edu\/es\/wp-json\/wp\/v2\/pages\/5181\/revisions"}],"predecessor-version":[{"id":5191,"href":"https:\/\/industrymeetings.iese.edu\/es\/wp-json\/wp\/v2\/pages\/5181\/revisions\/5191"}],"wp:attachment":[{"href":"https:\/\/industrymeetings.iese.edu\/es\/wp-json\/wp\/v2\/media?parent=5181"}],"curies":[{"name":"wp","href":"https:\/\/api.w.org\/{rel}","templated":true}]}}